{"id":39,"date":"2025-08-27T16:25:28","date_gmt":"2025-08-27T14:25:28","guid":{"rendered":"https:\/\/weltzentrum-marl.de\/?page_id=39"},"modified":"2026-03-10T18:09:39","modified_gmt":"2026-03-10T16:09:39","slug":"esm-weltladen","status":"publish","type":"page","link":"https:\/\/weltzentrum-marl.de\/?page_id=39","title":{"rendered":"esm-Weltladen"},"content":{"rendered":"\n<h2 class=\"wp-block-heading\">Sortiment<\/h2>\n\n\n\n<p class=\"has-medium-font-size\">Wir bieten eine Auswahl verschiedener Kaffee- und Teesorten (h\u00e4ufig Bioqualit\u00e4t), exquisite Schokoladen, Gew\u00fcrze, Weine und vieles mehr an. In L\u00e4ndern des S\u00fcdens hergestellte Dekoartikel, K\u00f6rbe, Taschen, Kerzen, T\u00fccher u.a. erg\u00e4nzen das Warensortiment.<br>&nbsp;<br>Sollten bestimmte Waren nicht vorr\u00e4tig oder nicht in unserem Sortiment verf\u00fcgbar sein, bitten wir um entsprechende Kontaktaufnahme; wir w\u00fcrden eine Bestellung bei unseren Handelspartnern pr\u00fcfen und individuell abstimmen.<\/p>\n\n\n\n<h2 class=\"wp-block-heading\">\u00d6ffnungszeiten<\/h2>\n\n\n\n<div class=\"wp-block-columns is-layout-flex wp-container-core-columns-is-layout-28f84493 wp-block-columns-is-layout-flex\">\n<div class=\"wp-block-column is-style-section-1 has-medium-font-size is-layout-flow wp-container-core-column-is-layout-c3730a14 wp-block-column-is-layout-flow is-style-section-1--1\" style=\"padding-top:var(--wp--preset--spacing--20);padding-right:var(--wp--preset--spacing--20);padding-bottom:var(--wp--preset--spacing--20);padding-left:var(--wp--preset--spacing--20)\">\n<div class=\"wp-block-columns is-not-stacked-on-mobile is-layout-flex wp-container-core-columns-is-layout-28f84493 wp-block-columns-is-layout-flex\">\n<div class=\"wp-block-column is-layout-flow wp-block-column-is-layout-flow\" style=\"flex-basis:33.34%\">\n<p>Mo<\/p>\n<\/div>\n\n\n\n<div class=\"wp-block-column is-layout-flow wp-block-column-is-layout-flow\" style=\"flex-basis:33.34%\">\n<p class=\"has-text-align-left\">&#8211;<\/p>\n<\/div>\n\n\n\n<div class=\"wp-block-column is-layout-flow wp-block-column-is-layout-flow\" style=\"flex-basis:33.33%\">\n<p>&#8211;<\/p>\n<\/div>\n<\/div>\n\n\n\n<div class=\"wp-block-columns is-not-stacked-on-mobile is-layout-flex wp-container-core-columns-is-layout-28f84493 wp-block-columns-is-layout-flex\">\n<div class=\"wp-block-column is-layout-flow wp-block-column-is-layout-flow\" style=\"flex-basis:33.34%\">\n<p>Di<\/p>\n<\/div>\n\n\n\n<div class=\"wp-block-column is-layout-flow wp-block-column-is-layout-flow\" style=\"flex-basis:33.34%\">\n<p class=\"has-text-align-left\">10.00-13.00 Uhr<\/p>\n<\/div>\n\n\n\n<div class=\"wp-block-column is-layout-flow wp-block-column-is-layout-flow\" style=\"flex-basis:33.33%\">\n<p>15.00-17:45 Uhr<\/p>\n<\/div>\n<\/div>\n\n\n\n<div class=\"wp-block-columns is-not-stacked-on-mobile is-layout-flex wp-container-core-columns-is-layout-28f84493 wp-block-columns-is-layout-flex\">\n<div class=\"wp-block-column is-layout-flow wp-block-column-is-layout-flow\" style=\"flex-basis:33.34%\">\n<p>Mi<\/p>\n<\/div>\n\n\n\n<div class=\"wp-block-column is-layout-flow wp-block-column-is-layout-flow\" style=\"flex-basis:33.34%\">\n<p class=\"has-text-align-left\">10.00-13.00 Uhr<\/p>\n<\/div>\n\n\n\n<div class=\"wp-block-column is-layout-flow wp-block-column-is-layout-flow\" style=\"flex-basis:33.33%\">\n<p>15.00-17:45 Uhr<\/p>\n<\/div>\n<\/div>\n\n\n\n<div class=\"wp-block-group is-layout-flow wp-block-group-is-layout-flow\">\n<div class=\"wp-block-columns is-not-stacked-on-mobile is-layout-flex wp-container-core-columns-is-layout-28f84493 wp-block-columns-is-layout-flex\">\n<div class=\"wp-block-column is-layout-flow wp-block-column-is-layout-flow\" style=\"flex-basis:33.34%\">\n<p class=\"has-medium-font-size\">Do<\/p>\n<\/div>\n\n\n\n<div class=\"wp-block-column is-layout-flow wp-block-column-is-layout-flow\" style=\"flex-basis:33.34%\">\n<p class=\"has-text-align-left\">10.00-13.00 Uhr<\/p>\n<\/div>\n\n\n\n<div class=\"wp-block-column is-layout-flow wp-block-column-is-layout-flow\" style=\"flex-basis:33.33%\">\n<p>15.00-17:45 Uhr<\/p>\n<\/div>\n<\/div>\n<\/div>\n\n\n\n<div class=\"wp-block-columns is-not-stacked-on-mobile is-layout-flex wp-container-core-columns-is-layout-28f84493 wp-block-columns-is-layout-flex\">\n<div class=\"wp-block-column is-layout-flow wp-block-column-is-layout-flow\" style=\"flex-basis:33.34%\">\n<p>Fr<\/p>\n<\/div>\n\n\n\n<div class=\"wp-block-column is-layout-flow wp-block-column-is-layout-flow\" style=\"flex-basis:33.34%\">\n<p>10.00-13.00 Uhr<\/p>\n<\/div>\n\n\n\n<div class=\"wp-block-column is-layout-flow wp-block-column-is-layout-flow\" style=\"flex-basis:33.33%\">\n<p>&#8211;<\/p>\n<\/div>\n<\/div>\n\n\n\n<div class=\"wp-block-columns is-not-stacked-on-mobile is-layout-flex wp-container-core-columns-is-layout-28f84493 wp-block-columns-is-layout-flex\">\n<div class=\"wp-block-column is-layout-flow wp-block-column-is-layout-flow\" style=\"flex-basis:33.34%\">\n<p>Sa<\/p>\n<\/div>\n\n\n\n<div class=\"wp-block-column is-layout-flow wp-block-column-is-layout-flow\" style=\"font-size:clamp(14px, 0.875rem + ((1vw - 3.2px) * 0.392), 18px);flex-basis:33.34%\">\n<p>&#8211;<\/p>\n<\/div>\n\n\n\n<div class=\"wp-block-column is-layout-flow wp-block-column-is-layout-flow\" style=\"flex-basis:33.33%\">\n<p>&#8211;<\/p>\n<\/div>\n<\/div>\n<\/div>\n<\/div>\n\n\n\n<p class=\"has-medium-font-size\">Da der Dienst im Weltladen von ehrenamtlichen Mitarbeiterinnen und Mitarbeitern getragen wird, k\u00f6nnen wir die o.g. \u00d6ffnungszeiten leider nicht verbindlich zusagen. Im Zweifelsfall bitten wir um vorherigen Anruf unter Telefon 02365 &#8211; 50 22 03.<\/p>\n\n\n\n<h2 class=\"wp-block-heading\">Handelspartner<\/h2>\n\n\n\n<p class=\"has-medium-font-size\">Die Angebote einiger unserer Handelspartner (<a href=\"https:\/\/www.gepa-shop.de\">GEPA<\/a>, <a href=\"https:\/\/www.el-puente.de\">El Puente<\/a>, <a href=\"https:\/\/www.ci-romero.de\">Christliche Initiative Romero<\/a>) sind \u00fcber die angegebenen Links erreichbar.<\/p>\n","protected":false},"excerpt":{"rendered":"<p>Sortiment Wir bieten eine Auswahl verschiedener Kaffee- und Teesorten (h\u00e4ufig Bioqualit\u00e4t), exquisite Schokoladen, Gew\u00fcrze, Weine und vieles mehr an. In L\u00e4ndern des S\u00fcdens hergestellte Dekoartikel, K\u00f6rbe, Taschen, Kerzen, T\u00fccher u.a. erg\u00e4nzen das Warensortiment.&nbsp;Sollten bestimmte Waren nicht vorr\u00e4tig oder nicht in unserem Sortiment verf\u00fcgbar sein, bitten wir um entsprechende Kontaktaufnahme; wir w\u00fcrden eine Bestellung bei unseren [&hellip;]<\/p>\n","protected":false},"author":1,"featured_media":0,"parent":0,"menu_order":0,"comment_status":"closed","ping_status":"closed","template":"","meta":{"footnotes":""},"class_list":["post-39","page","type-page","status-publish","hentry"],"_links":{"self":[{"href":"https:\/\/weltzentrum-marl.de\/index.php?rest_route=\/wp\/v2\/pages\/39","targetHints":{"allow":["GET"]}}],"collection":[{"href":"https:\/\/weltzentrum-marl.de\/index.php?rest_route=\/wp\/v2\/pages"}],"about":[{"href":"https:\/\/weltzentrum-marl.de\/index.php?rest_route=\/wp\/v2\/types\/page"}],"author":[{"embeddable":true,"href":"https:\/\/weltzentrum-marl.de\/index.php?rest_route=\/wp\/v2\/users\/1"}],"replies":[{"embeddable":true,"href":"https:\/\/weltzentrum-marl.de\/index.php?rest_route=%2Fwp%2Fv2%2Fcomments&post=39"}],"version-history":[{"count":6,"href":"https:\/\/weltzentrum-marl.de\/index.php?rest_route=\/wp\/v2\/pages\/39\/revisions"}],"predecessor-version":[{"id":173,"href":"https:\/\/weltzentrum-marl.de\/index.php?rest_route=\/wp\/v2\/pages\/39\/revisions\/173"}],"wp:attachment":[{"href":"https:\/\/weltzentrum-marl.de\/index.php?rest_route=%2Fwp%2Fv2%2Fmedia&parent=39"}],"curies":[{"name":"wp","href":"https:\/\/api.w.org\/{rel}","templated":true}]}}